{"id":435,"date":"2016-05-04T10:14:02","date_gmt":"2016-05-04T10:14:02","guid":{"rendered":"http:\/\/northeast-marina.pl\/de\/?page_id=435"},"modified":"2016-05-04T10:27:46","modified_gmt":"2016-05-04T10:27:46","slug":"nasza-marina","status":"publish","type":"page","link":"https:\/\/northeast-marina.pl\/de\/nasza-marina\/","title":{"rendered":"Unsere Marina"},"content":{"rendered":"<div class=\"mapWrap\">\n<div class=\"map\"><img loading=\"lazy\" class=\"alignnone size-full wp-image-243\" src=\"http:\/\/northeast-marina.pl\/wp-content\/uploads\/2016\/04\/mapa.jpg\" alt=\"mapa\" width=\"735\" height=\"523\" srcset=\"https:\/\/northeast-marina.pl\/wp-content\/uploads\/2016\/04\/mapa.jpg 735w, https:\/\/northeast-marina.pl\/wp-content\/uploads\/2016\/04\/mapa-300x213.jpg 300w, https:\/\/northeast-marina.pl\/wp-content\/uploads\/2016\/04\/mapa-30x21.jpg 30w\" sizes=\"(max-width: 735px) 100vw, 735px\" \/><\/div>\n<div class=\"mapLegenda\">\n<h4>Kartenlegende<\/h4>\n<table border=\"0\" cellspacing=\"0\" cellpadding=\"8\">\n<tbody>\n<tr>\n<td  valign=\"top\"><img loading=\"lazy\" width=\"18\" height=\"18\" class=\"alignnone size-full wp-image-257\" src=\"http:\/\/northeast-marina.pl\/wp-content\/uploads\/2016\/04\/1.png\" \/><\/td>\n<td >Northeast Marina<\/td>\n<\/tr>\n<tr >\n<td valign=\"top\"><img class=\"alignnone size-full wp-image-257\" src=\"http:\/\/northeast-marina.pl\/wp-content\/uploads\/2016\/04\/2.png\" \/><\/td>\n<td >Restaurant &#8222;Stara Rze\u017ania&#8220;<\/td>\n<\/tr>\n<tr >\n<td valign=\"top\"><img class=\"alignnone size-full wp-image-257\" src=\"http:\/\/northeast-marina.pl\/wp-content\/uploads\/2016\/04\/3.png\" \/><\/td>\n<td>Hakenterrasse<\/td>\n<\/tr>\n<tr>\n<td  valign=\"top\"><img class=\"alignnone size-full wp-image-257\" src=\"http:\/\/northeast-marina.pl\/wp-content\/uploads\/2016\/04\/4.png\" \/><\/td>\n<td>Schloss der Pommerschen Herz\u00f6ge<\/td>\n<\/tr>\n<tr>\n<td valign=\"top\"><img class=\"alignnone size-full wp-image-257\" src=\"http:\/\/northeast-marina.pl\/wp-content\/uploads\/2016\/04\/5.png\" \/><\/td>\n<td >Stettiner Philharmonie<\/td>\n<\/tr>\n<tr >\n<td valign=\"top\"><img class=\"alignnone size-full wp-image-257\" src=\"http:\/\/northeast-marina.pl\/wp-content\/uploads\/2016\/04\/6.png\" \/><\/td>\n<td >Hauptbahnhof<\/td>\n<\/tr>\n<tr >\n<td valign=\"top\"><img class=\"alignnone size-full wp-image-257\" src=\"http:\/\/northeast-marina.pl\/wp-content\/uploads\/2016\/04\/muzeum.png\" \/><\/td>\n<td >Nationalmuseum<\/td>\n<\/tr>\n<\/tbody>\n<\/table>\n<\/div>\n<\/div>\n<div class=\"planWrap\">\n<div class=\"title\">\n<h1>W sercu Szczecina<\/h1>\n<p>W pe\u0142ni wyposa\u017cony, nowoczesny i ekologiczny port jachtowy w Szczecinie oferuje wszystko czego potrzebuj\u0105 \u017ceglarze. Dla naszych go\u015bci mamy do dyspozycji 49 miejsc rezydenckich i 25 miejsc dla jacht\u00f3w nas odwiedzaj\u0105cych.<\/p>\n<\/div>\n<div class=\"plan\">\n<div class=\"pdzwig pover\"><\/div>\n<div class=\"pbiuro pover\"><\/div>\n<div class=\"ptoalety1 pover\"><\/div>\n<div class=\"ptoalety2 pover\"><\/div>\n<div class=\"pinformacja pover\"><\/div>\n<div class=\"pslip pover\"><\/div>\n<div class=\"pparking pover\"><\/div>\n<div class=\"pscieki pover\"><\/div>\n<p><img loading=\"lazy\" class=\"alignnone size-full wp-image-259\" src=\"http:\/\/northeast-marina.pl\/wp-content\/uploads\/2016\/04\/plan.jpg\" alt=\"plan\" width=\"1200\" height=\"655\" \/><\/p>\n<\/div>\n<\/div>\n","protected":false},"excerpt":{"rendered":"<p>Kartenlegende Northeast Marina Restaurant &#8222;Stara Rze\u017ania&#8220; Hakenterrasse Schloss der Pommerschen Herz\u00f6ge Stettiner Philharmonie Hauptbahnhof Nationalmuseum W sercu Szczecina W pe\u0142ni wyposa\u017cony, nowoczesny i ekologiczny port jachtowy w Szczecinie oferuje wszystko czego potrzebuj\u0105 \u017ceglarze. Dla naszych go\u015bci mamy do dyspozycji 49 miejsc rezydenckich i 25 miejsc dla jacht\u00f3w nas odwiedzaj\u0105cych.<\/p>\n","protected":false},"author":2,"featured_media":0,"parent":0,"menu_order":16,"comment_status":"closed","ping_status":"closed","template":"","meta":[],"acf":[],"yoast_head":"<!-- This site is optimized with the Yoast SEO plugin v19.4 - https:\/\/yoast.com\/wordpress\/plugins\/seo\/ -->\n<title>Unsere Marina - NorthEast Marina<\/title>\n<meta name=\"robots\" content=\"index, follow, max-snippet:-1, max-image-preview:large, max-video-preview:-1\" \/>\n<link rel=\"canonical\" href=\"https:\/\/northeast-marina.pl\/de\/nasza-marina\/\" \/>\n<meta property=\"og:locale\" content=\"de_DE\" \/>\n<meta property=\"og:type\" content=\"article\" \/>\n<meta property=\"og:title\" content=\"Unsere Marina - NorthEast Marina\" \/>\n<meta property=\"og:description\" content=\"Kartenlegende Northeast Marina Restaurant &#8222;Stara Rze\u017ania&#8220; Hakenterrasse Schloss der Pommerschen Herz\u00f6ge Stettiner Philharmonie Hauptbahnhof Nationalmuseum W sercu Szczecina W pe\u0142ni wyposa\u017cony, nowoczesny i ekologiczny port jachtowy w Szczecinie oferuje wszystko czego potrzebuj\u0105 \u017ceglarze. Dla naszych go\u015bci mamy do dyspozycji 49 miejsc rezydenckich i 25 miejsc dla jacht\u00f3w nas odwiedzaj\u0105cych.\" \/>\n<meta property=\"og:url\" content=\"https:\/\/northeast-marina.pl\/de\/nasza-marina\/\" \/>\n<meta property=\"og:site_name\" content=\"NorthEast Marina\" \/>\n<meta property=\"article:modified_time\" content=\"2016-05-04T10:27:46+00:00\" \/>\n<meta property=\"og:image\" content=\"http:\/\/northeast-marina.pl\/wp-content\/uploads\/2016\/04\/mapa.jpg\" \/>\n<meta name=\"twitter:card\" content=\"summary\" \/>\n<script type=\"application\/ld+json\" class=\"yoast-schema-graph\">{\"@context\":\"https:\/\/schema.org\",\"@graph\":[{\"@type\":\"WebSite\",\"@id\":\"https:\/\/northeast-marina.pl\/#website\",\"url\":\"https:\/\/northeast-marina.pl\/\",\"name\":\"NorthEast Marina\",\"description\":\"Nowoczesny port jachtowy w centrum Szczecina.\",\"potentialAction\":[{\"@type\":\"SearchAction\",\"target\":{\"@type\":\"EntryPoint\",\"urlTemplate\":\"https:\/\/northeast-marina.pl\/?s={search_term_string}\"},\"query-input\":\"required name=search_term_string\"}],\"inLanguage\":\"de\"},{\"@type\":\"WebPage\",\"@id\":\"https:\/\/northeast-marina.pl\/de\/nasza-marina\/\",\"url\":\"https:\/\/northeast-marina.pl\/de\/nasza-marina\/\",\"name\":\"Unsere Marina - NorthEast Marina\",\"isPartOf\":{\"@id\":\"https:\/\/northeast-marina.pl\/#website\"},\"datePublished\":\"2016-05-04T10:14:02+00:00\",\"dateModified\":\"2016-05-04T10:27:46+00:00\",\"breadcrumb\":{\"@id\":\"https:\/\/northeast-marina.pl\/de\/nasza-marina\/#breadcrumb\"},\"inLanguage\":\"de\",\"potentialAction\":[{\"@type\":\"ReadAction\",\"target\":[\"https:\/\/northeast-marina.pl\/de\/nasza-marina\/\"]}]},{\"@type\":\"BreadcrumbList\",\"@id\":\"https:\/\/northeast-marina.pl\/de\/nasza-marina\/#breadcrumb\",\"itemListElement\":[{\"@type\":\"ListItem\",\"position\":1,\"name\":\"Strona g\u0142\u00f3wna\",\"item\":\"https:\/\/northeast-marina.pl\/de\/\"},{\"@type\":\"ListItem\",\"position\":2,\"name\":\"Unsere Marina\"}]}]}<\/script>\n<!-- \/ Yoast SEO plugin. -->","yoast_head_json":{"title":"Unsere Marina - NorthEast Marina","robots":{"index":"index","follow":"follow","max-snippet":"max-snippet:-1","max-image-preview":"max-image-preview:large","max-video-preview":"max-video-preview:-1"},"canonical":"https:\/\/northeast-marina.pl\/de\/nasza-marina\/","og_locale":"de_DE","og_type":"article","og_title":"Unsere Marina - NorthEast Marina","og_description":"Kartenlegende Northeast Marina Restaurant &#8222;Stara Rze\u017ania&#8220; Hakenterrasse Schloss der Pommerschen Herz\u00f6ge Stettiner Philharmonie Hauptbahnhof Nationalmuseum W sercu Szczecina W pe\u0142ni wyposa\u017cony, nowoczesny i ekologiczny port jachtowy w Szczecinie oferuje wszystko czego potrzebuj\u0105 \u017ceglarze. Dla naszych go\u015bci mamy do dyspozycji 49 miejsc rezydenckich i 25 miejsc dla jacht\u00f3w nas odwiedzaj\u0105cych.","og_url":"https:\/\/northeast-marina.pl\/de\/nasza-marina\/","og_site_name":"NorthEast Marina","article_modified_time":"2016-05-04T10:27:46+00:00","og_image":[{"url":"http:\/\/northeast-marina.pl\/wp-content\/uploads\/2016\/04\/mapa.jpg"}],"twitter_card":"summary","schema":{"@context":"https:\/\/schema.org","@graph":[{"@type":"WebSite","@id":"https:\/\/northeast-marina.pl\/#website","url":"https:\/\/northeast-marina.pl\/","name":"NorthEast Marina","description":"Nowoczesny port jachtowy w centrum Szczecina.","potentialAction":[{"@type":"SearchAction","target":{"@type":"EntryPoint","urlTemplate":"https:\/\/northeast-marina.pl\/?s={search_term_string}"},"query-input":"required name=search_term_string"}],"inLanguage":"de"},{"@type":"WebPage","@id":"https:\/\/northeast-marina.pl\/de\/nasza-marina\/","url":"https:\/\/northeast-marina.pl\/de\/nasza-marina\/","name":"Unsere Marina - NorthEast Marina","isPartOf":{"@id":"https:\/\/northeast-marina.pl\/#website"},"datePublished":"2016-05-04T10:14:02+00:00","dateModified":"2016-05-04T10:27:46+00:00","breadcrumb":{"@id":"https:\/\/northeast-marina.pl\/de\/nasza-marina\/#breadcrumb"},"inLanguage":"de","potentialAction":[{"@type":"ReadAction","target":["https:\/\/northeast-marina.pl\/de\/nasza-marina\/"]}]},{"@type":"BreadcrumbList","@id":"https:\/\/northeast-marina.pl\/de\/nasza-marina\/#breadcrumb","itemListElement":[{"@type":"ListItem","position":1,"name":"Strona g\u0142\u00f3wna","item":"https:\/\/northeast-marina.pl\/de\/"},{"@type":"ListItem","position":2,"name":"Unsere Marina"}]}]}},"_links":{"self":[{"href":"https:\/\/northeast-marina.pl\/de\/wp-json\/wp\/v2\/pages\/435"}],"collection":[{"href":"https:\/\/northeast-marina.pl\/de\/wp-json\/wp\/v2\/pages"}],"about":[{"href":"https:\/\/northeast-marina.pl\/de\/wp-json\/wp\/v2\/types\/page"}],"author":[{"embeddable":true,"href":"https:\/\/northeast-marina.pl\/de\/wp-json\/wp\/v2\/users\/2"}],"replies":[{"embeddable":true,"href":"https:\/\/northeast-marina.pl\/de\/wp-json\/wp\/v2\/comments?post=435"}],"version-history":[{"count":6,"href":"https:\/\/northeast-marina.pl\/de\/wp-json\/wp\/v2\/pages\/435\/revisions"}],"predecessor-version":[{"id":462,"href":"https:\/\/northeast-marina.pl\/de\/wp-json\/wp\/v2\/pages\/435\/revisions\/462"}],"wp:attachment":[{"href":"https:\/\/northeast-marina.pl\/de\/wp-json\/wp\/v2\/media?parent=435"}],"curies":[{"name":"wp","href":"https:\/\/api.w.org\/{rel}","templated":true}]}}